{"id":164,"date":"2023-04-18T09:18:46","date_gmt":"2023-04-18T09:18:46","guid":{"rendered":"https:\/\/dr-bud.pl\/?page_id=164"},"modified":"2023-10-15T06:54:01","modified_gmt":"2023-10-15T06:54:01","slug":"realizacje-2","status":"publish","type":"page","link":"https:\/\/dr-bud.pl\/index.php\/realizacje-2\/","title":{"rendered":"Realizacje"},"content":{"rendered":"\t\t<div data-elementor-type=\"wp-page\" data-elementor-id=\"164\" class=\"elementor elementor-164\">\n\t\t\t\t\t\t\t\t\t<section class=\"elementor-section elementor-top-section elementor-element elementor-element-6437eab5 elementor-section-boxed elementor-section-height-default elementor-section-height-default\" data-id=\"6437eab5\" data-element_type=\"section\" data-settings=\"{&quot;background_background&quot;:&quot;classic&quot;}\">\n\t\t\t\t\t\t<div class=\"elementor-container elementor-column-gap-default\">\n\t\t\t\t\t<div class=\"elementor-column elementor-col-100 elementor-top-column elementor-element elementor-element-506889e5\" data-id=\"506889e5\" data-element_type=\"column\">\n\t\t\t<div class=\"elementor-widget-wrap elementor-element-populated\">\n\t\t\t\t\t\t\t\t<section class=\"elementor-section elementor-inner-section elementor-element elementor-element-748b7735 elementor-section-boxed elementor-section-height-default elementor-section-height-default\" data-id=\"748b7735\" data-element_type=\"section\">\n\t\t\t\t\t\t<div class=\"elementor-container elementor-column-gap-default\">\n\t\t\t\t\t<div class=\"elementor-column elementor-col-100 elementor-inner-column elementor-element elementor-element-475b573\" data-id=\"475b573\" data-element_type=\"column\">\n\t\t\t<div class=\"elementor-widget-wrap elementor-element-populated\">\n\t\t\t\t\t\t\t\t<div class=\"elementor-element elementor-element-39e2d719 animated-slow elementor-invisible elementor-widget elementor-widget-heading\" data-id=\"39e2d719\" data-element_type=\"widget\" data-settings=\"{&quot;_animation&quot;:&quot;fadeIn&quot;}\" data-widget_type=\"heading.default\">\n\t\t\t\t<div class=\"elementor-widget-container\">\n\t\t\t<style>\/*! elementor - v3.7.8 - 02-10-2022 *\/\n.elementor-heading-title{padding:0;margin:0;line-height:1}.elementor-widget-heading .elementor-heading-title[class*=elementor-size-]>a{color:inherit;font-size:inherit;line-height:inherit}.elementor-widget-heading .elementor-heading-title.elementor-size-small{font-size:15px}.elementor-widget-heading .elementor-heading-title.elementor-size-medium{font-size:19px}.elementor-widget-heading .elementor-heading-title.elementor-size-large{font-size:29px}.elementor-widget-heading .elementor-heading-title.elementor-size-xl{font-size:39px}.elementor-widget-heading .elementor-heading-title.elementor-size-xxl{font-size:59px}<\/style><h1 class=\"elementor-heading-title elementor-size-default\">Nasze prace<\/h1>\t\t<\/div>\n\t\t\t\t<\/div>\n\t\t\t\t<div class=\"elementor-element elementor-element-27309561 animated-slow elementor-invisible elementor-widget elementor-widget-heading\" data-id=\"27309561\" data-element_type=\"widget\" data-settings=\"{&quot;_animation&quot;:&quot;fadeIn&quot;}\" data-widget_type=\"heading.default\">\n\t\t\t\t<div class=\"elementor-widget-container\">\n\t\t\t<h3 class=\"elementor-heading-title elementor-size-default\">Poni\u017cej prezentujemy kilka kadr\u00f3w z naszych ostatnich zlece\u0144.<\/h3>\t\t<\/div>\n\t\t\t\t<\/div>\n\t\t\t\t<div class=\"elementor-element elementor-element-3061cde4 gallery-spacing-custom elementor-widget elementor-widget-image-gallery\" data-id=\"3061cde4\" data-element_type=\"widget\" data-widget_type=\"image-gallery.default\">\n\t\t\t\t<div class=\"elementor-widget-container\">\n\t\t\t<style>\/*! elementor - v3.7.8 - 02-10-2022 *\/\n.elementor-image-gallery .gallery-item{display:inline-block;text-align:center;vertical-align:top;width:100%;max-width:100%;margin:0 auto}.elementor-image-gallery .gallery-item img{margin:0 auto}.elementor-image-gallery .gallery-item .gallery-caption{margin:0}.elementor-image-gallery figure img{display:block}.elementor-image-gallery figure figcaption{width:100%}.gallery-spacing-custom .elementor-image-gallery .gallery-icon{padding:0}@media (min-width:768px){.elementor-image-gallery .gallery-columns-2 .gallery-item{max-width:50%}.elementor-image-gallery .gallery-columns-3 .gallery-item{max-width:33.33%}.elementor-image-gallery .gallery-columns-4 .gallery-item{max-width:25%}.elementor-image-gallery .gallery-columns-5 .gallery-item{max-width:20%}.elementor-image-gallery .gallery-columns-6 .gallery-item{max-width:16.666%}.elementor-image-gallery .gallery-columns-7 .gallery-item{max-width:14.28%}.elementor-image-gallery .gallery-columns-8 .gallery-item{max-width:12.5%}.elementor-image-gallery .gallery-columns-9 .gallery-item{max-width:11.11%}.elementor-image-gallery .gallery-columns-10 .gallery-item{max-width:10%}}@media (min-width:480px) and (max-width:767px){.elementor-image-gallery .gallery.gallery-columns-2 .gallery-item,.elementor-image-gallery .gallery.gallery-columns-3 .gallery-item,.elementor-image-gallery .gallery.gallery-columns-4 .gallery-item,.elementor-image-gallery .gallery.gallery-columns-5 .gallery-item,.elementor-image-gallery .gallery.gallery-columns-6 .gallery-item,.elementor-image-gallery .gallery.gallery-columns-7 .gallery-item,.elementor-image-gallery .gallery.gallery-columns-8 .gallery-item,.elementor-image-gallery .gallery.gallery-columns-9 .gallery-item,.elementor-image-gallery .gallery.gallery-columns-10 .gallery-item{max-width:50%}}@media (max-width:479px){.elementor-image-gallery .gallery.gallery-columns-2 .gallery-item,.elementor-image-gallery .gallery.gallery-columns-3 .gallery-item,.elementor-image-gallery .gallery.gallery-columns-4 .gallery-item,.elementor-image-gallery .gallery.gallery-columns-5 .gallery-item,.elementor-image-gallery .gallery.gallery-columns-6 .gallery-item,.elementor-image-gallery .gallery.gallery-columns-7 .gallery-item,.elementor-image-gallery .gallery.gallery-columns-8 .gallery-item,.elementor-image-gallery .gallery.gallery-columns-9 .gallery-item,.elementor-image-gallery .gallery.gallery-columns-10 .gallery-item{max-width:100%}}<\/style>\t\t<div class=\"elementor-image-gallery\">\n\t\t\t<div id='gallery-1' class='gallery galleryid-164 gallery-columns-3 gallery-size-full'><figure class='gallery-item'>\n\t\t\t<div class='gallery-icon portrait'>\n\t\t\t\t<a data-elementor-open-lightbox=\"yes\" data-elementor-lightbox-slideshow=\"3061cde4\" data-elementor-lightbox-title=\"20230607_131022\" e-action-hash=\"#elementor-action%3Aaction%3Dlightbox%26settings%3DeyJpZCI6MzIxLCJ1cmwiOiJodHRwczpcL1wvZHItYnVkLnBsXC93cC1jb250ZW50XC91cGxvYWRzXC8yMDIzXC8xMFwvMjAyMzA2MDdfMTMxMDIyLXNjYWxlZC5qcGciLCJzbGlkZXNob3ciOiIzMDYxY2RlNCJ9\" href='https:\/\/dr-bud.pl\/wp-content\/uploads\/2023\/10\/20230607_131022-scaled.jpg'><img width=\"1920\" height=\"2560\" src=\"https:\/\/dr-bud.pl\/wp-content\/uploads\/2023\/10\/20230607_131022-scaled.jpg\" class=\"attachment-full size-full\" alt=\"\" loading=\"lazy\" srcset=\"https:\/\/dr-bud.pl\/wp-content\/uploads\/2023\/10\/20230607_131022-scaled.jpg 1920w, https:\/\/dr-bud.pl\/wp-content\/uploads\/2023\/10\/20230607_131022-225x300.jpg 225w, https:\/\/dr-bud.pl\/wp-content\/uploads\/2023\/10\/20230607_131022-768x1024.jpg 768w, https:\/\/dr-bud.pl\/wp-content\/uploads\/2023\/10\/20230607_131022-1152x1536.jpg 1152w, https:\/\/dr-bud.pl\/wp-content\/uploads\/2023\/10\/20230607_131022-1536x2048.jpg 1536w\" sizes=\"(max-width: 1920px) 100vw, 1920px\" \/><\/a>\n\t\t\t<\/div><\/figure><figure class='gallery-item'>\n\t\t\t<div class='gallery-icon portrait'>\n\t\t\t\t<a data-elementor-open-lightbox=\"yes\" data-elementor-lightbox-slideshow=\"3061cde4\" data-elementor-lightbox-title=\"20230304_191824\" e-action-hash=\"#elementor-action%3Aaction%3Dlightbox%26settings%3DeyJpZCI6MzE3LCJ1cmwiOiJodHRwczpcL1wvZHItYnVkLnBsXC93cC1jb250ZW50XC91cGxvYWRzXC8yMDIzXC8xMFwvMjAyMzAzMDRfMTkxODI0LXNjYWxlZC5qcGciLCJzbGlkZXNob3ciOiIzMDYxY2RlNCJ9\" href='https:\/\/dr-bud.pl\/wp-content\/uploads\/2023\/10\/20230304_191824-scaled.jpg'><img width=\"1920\" height=\"2560\" src=\"https:\/\/dr-bud.pl\/wp-content\/uploads\/2023\/10\/20230304_191824-scaled.jpg\" class=\"attachment-full size-full\" alt=\"\" loading=\"lazy\" srcset=\"https:\/\/dr-bud.pl\/wp-content\/uploads\/2023\/10\/20230304_191824-scaled.jpg 1920w, https:\/\/dr-bud.pl\/wp-content\/uploads\/2023\/10\/20230304_191824-225x300.jpg 225w, https:\/\/dr-bud.pl\/wp-content\/uploads\/2023\/10\/20230304_191824-768x1024.jpg 768w, https:\/\/dr-bud.pl\/wp-content\/uploads\/2023\/10\/20230304_191824-1152x1536.jpg 1152w, https:\/\/dr-bud.pl\/wp-content\/uploads\/2023\/10\/20230304_191824-1536x2048.jpg 1536w\" sizes=\"(max-width: 1920px) 100vw, 1920px\" \/><\/a>\n\t\t\t<\/div><\/figure><figure class='gallery-item'>\n\t\t\t<div class='gallery-icon portrait'>\n\t\t\t\t<a data-elementor-open-lightbox=\"yes\" data-elementor-lightbox-slideshow=\"3061cde4\" data-elementor-lightbox-title=\"20230324_161022\" e-action-hash=\"#elementor-action%3Aaction%3Dlightbox%26settings%3DeyJpZCI6MzE2LCJ1cmwiOiJodHRwczpcL1wvZHItYnVkLnBsXC93cC1jb250ZW50XC91cGxvYWRzXC8yMDIzXC8xMFwvMjAyMzAzMjRfMTYxMDIyLXNjYWxlZC5qcGciLCJzbGlkZXNob3ciOiIzMDYxY2RlNCJ9\" href='https:\/\/dr-bud.pl\/wp-content\/uploads\/2023\/10\/20230324_161022-scaled.jpg'><img width=\"1920\" height=\"2560\" src=\"https:\/\/dr-bud.pl\/wp-content\/uploads\/2023\/10\/20230324_161022-scaled.jpg\" class=\"attachment-full size-full\" alt=\"\" loading=\"lazy\" srcset=\"https:\/\/dr-bud.pl\/wp-content\/uploads\/2023\/10\/20230324_161022-scaled.jpg 1920w, https:\/\/dr-bud.pl\/wp-content\/uploads\/2023\/10\/20230324_161022-225x300.jpg 225w, https:\/\/dr-bud.pl\/wp-content\/uploads\/2023\/10\/20230324_161022-768x1024.jpg 768w, https:\/\/dr-bud.pl\/wp-content\/uploads\/2023\/10\/20230324_161022-1152x1536.jpg 1152w, https:\/\/dr-bud.pl\/wp-content\/uploads\/2023\/10\/20230324_161022-1536x2048.jpg 1536w\" sizes=\"(max-width: 1920px) 100vw, 1920px\" \/><\/a>\n\t\t\t<\/div><\/figure><figure class='gallery-item'>\n\t\t\t<div class='gallery-icon portrait'>\n\t\t\t\t<a data-elementor-open-lightbox=\"yes\" data-elementor-lightbox-slideshow=\"3061cde4\" data-elementor-lightbox-title=\"20210820_103339\" e-action-hash=\"#elementor-action%3Aaction%3Dlightbox%26settings%3DeyJpZCI6MzIwLCJ1cmwiOiJodHRwczpcL1wvZHItYnVkLnBsXC93cC1jb250ZW50XC91cGxvYWRzXC8yMDIzXC8xMFwvMjAyMTA4MjBfMTAzMzM5LXNjYWxlZC5qcGciLCJzbGlkZXNob3ciOiIzMDYxY2RlNCJ9\" href='https:\/\/dr-bud.pl\/wp-content\/uploads\/2023\/10\/20210820_103339-scaled.jpg'><img width=\"1920\" height=\"2560\" src=\"https:\/\/dr-bud.pl\/wp-content\/uploads\/2023\/10\/20210820_103339-scaled.jpg\" class=\"attachment-full size-full\" alt=\"\" loading=\"lazy\" srcset=\"https:\/\/dr-bud.pl\/wp-content\/uploads\/2023\/10\/20210820_103339-scaled.jpg 1920w, https:\/\/dr-bud.pl\/wp-content\/uploads\/2023\/10\/20210820_103339-225x300.jpg 225w, https:\/\/dr-bud.pl\/wp-content\/uploads\/2023\/10\/20210820_103339-768x1024.jpg 768w, https:\/\/dr-bud.pl\/wp-content\/uploads\/2023\/10\/20210820_103339-1152x1536.jpg 1152w, https:\/\/dr-bud.pl\/wp-content\/uploads\/2023\/10\/20210820_103339-1536x2048.jpg 1536w\" sizes=\"(max-width: 1920px) 100vw, 1920px\" \/><\/a>\n\t\t\t<\/div><\/figure><figure class='gallery-item'>\n\t\t\t<div class='gallery-icon portrait'>\n\t\t\t\t<a data-elementor-open-lightbox=\"yes\" data-elementor-lightbox-slideshow=\"3061cde4\" data-elementor-lightbox-title=\"20230304_191842\" e-action-hash=\"#elementor-action%3Aaction%3Dlightbox%26settings%3DeyJpZCI6MzE4LCJ1cmwiOiJodHRwczpcL1wvZHItYnVkLnBsXC93cC1jb250ZW50XC91cGxvYWRzXC8yMDIzXC8xMFwvMjAyMzAzMDRfMTkxODQyLXNjYWxlZC5qcGciLCJzbGlkZXNob3ciOiIzMDYxY2RlNCJ9\" href='https:\/\/dr-bud.pl\/wp-content\/uploads\/2023\/10\/20230304_191842-scaled.jpg'><img width=\"1920\" height=\"2560\" src=\"https:\/\/dr-bud.pl\/wp-content\/uploads\/2023\/10\/20230304_191842-scaled.jpg\" class=\"attachment-full size-full\" alt=\"\" loading=\"lazy\" srcset=\"https:\/\/dr-bud.pl\/wp-content\/uploads\/2023\/10\/20230304_191842-scaled.jpg 1920w, https:\/\/dr-bud.pl\/wp-content\/uploads\/2023\/10\/20230304_191842-225x300.jpg 225w, https:\/\/dr-bud.pl\/wp-content\/uploads\/2023\/10\/20230304_191842-768x1024.jpg 768w, https:\/\/dr-bud.pl\/wp-content\/uploads\/2023\/10\/20230304_191842-1152x1536.jpg 1152w, https:\/\/dr-bud.pl\/wp-content\/uploads\/2023\/10\/20230304_191842-1536x2048.jpg 1536w\" sizes=\"(max-width: 1920px) 100vw, 1920px\" \/><\/a>\n\t\t\t<\/div><\/figure><figure class='gallery-item'>\n\t\t\t<div class='gallery-icon portrait'>\n\t\t\t\t<a data-elementor-open-lightbox=\"yes\" data-elementor-lightbox-slideshow=\"3061cde4\" data-elementor-lightbox-title=\"20210302_135210\" e-action-hash=\"#elementor-action%3Aaction%3Dlightbox%26settings%3DeyJpZCI6MzE5LCJ1cmwiOiJodHRwczpcL1wvZHItYnVkLnBsXC93cC1jb250ZW50XC91cGxvYWRzXC8yMDIzXC8xMFwvMjAyMTAzMDJfMTM1MjEwLXNjYWxlZC5qcGciLCJzbGlkZXNob3ciOiIzMDYxY2RlNCJ9\" href='https:\/\/dr-bud.pl\/wp-content\/uploads\/2023\/10\/20210302_135210-scaled.jpg'><img width=\"1920\" height=\"2560\" src=\"https:\/\/dr-bud.pl\/wp-content\/uploads\/2023\/10\/20210302_135210-scaled.jpg\" class=\"attachment-full size-full\" alt=\"\" loading=\"lazy\" srcset=\"https:\/\/dr-bud.pl\/wp-content\/uploads\/2023\/10\/20210302_135210-scaled.jpg 1920w, https:\/\/dr-bud.pl\/wp-content\/uploads\/2023\/10\/20210302_135210-225x300.jpg 225w, https:\/\/dr-bud.pl\/wp-content\/uploads\/2023\/10\/20210302_135210-768x1024.jpg 768w, https:\/\/dr-bud.pl\/wp-content\/uploads\/2023\/10\/20210302_135210-1152x1536.jpg 1152w, https:\/\/dr-bud.pl\/wp-content\/uploads\/2023\/10\/20210302_135210-1536x2048.jpg 1536w\" sizes=\"(max-width: 1920px) 100vw, 1920px\" \/><\/a>\n\t\t\t<\/div><\/figure>\n\t\t<\/div>\n\t\t<\/div>\n\t\t\t\t<\/div>\n\t\t\t\t<\/div>\n\t\t\t\t\t<\/div>\n\t\t<\/div>\n\t\t\t\t\t\t\t<\/div>\n\t\t<\/section>\n\t\t\t\t\t<\/div>\n\t\t<\/div>\n\t\t\t\t\t\t\t<\/div>\n\t\t<\/section>\n\t\t\t\t<section class=\"elementor-section elementor-top-section elementor-element elementor-element-44e10925 elementor-section-boxed elementor-section-height-default elementor-section-height-default\" data-id=\"44e10925\" data-element_type=\"section\" data-settings=\"{&quot;background_background&quot;:&quot;classic&quot;}\">\n\t\t\t\t\t\t<div class=\"elementor-container elementor-column-gap-default\">\n\t\t\t\t\t<div class=\"elementor-column elementor-col-100 elementor-top-column elementor-element elementor-element-59326bfc animated-slow elementor-invisible\" data-id=\"59326bfc\" data-element_type=\"column\" data-settings=\"{&quot;animation&quot;:&quot;fadeIn&quot;,&quot;animation_mobile&quot;:&quot;fadeInUp&quot;}\">\n\t\t\t<div class=\"elementor-widget-wrap elementor-element-populated\">\n\t\t\t\t\t\t\t\t<div class=\"elementor-element elementor-element-74beba3f elementor-invisible elementor-widget elementor-widget-text-editor\" data-id=\"74beba3f\" data-element_type=\"widget\" data-settings=\"{&quot;_animation&quot;:&quot;fadeIn&quot;,&quot;_animation_delay&quot;:100}\" data-widget_type=\"text-editor.default\">\n\t\t\t\t<div class=\"elementor-widget-container\">\n\t\t\t<style>\/*! elementor - v3.7.8 - 02-10-2022 *\/\n.elementor-widget-text-editor.elementor-drop-cap-view-stacked .elementor-drop-cap{background-color:#818a91;color:#fff}.elementor-widget-text-editor.elementor-drop-cap-view-framed .elementor-drop-cap{color:#818a91;border:3px solid;background-color:transparent}.elementor-widget-text-editor:not(.elementor-drop-cap-view-default) .elementor-drop-cap{margin-top:8px}.elementor-widget-text-editor:not(.elementor-drop-cap-view-default) .elementor-drop-cap-letter{width:1em;height:1em}.elementor-widget-text-editor .elementor-drop-cap{float:left;text-align:center;line-height:1;font-size:50px}.elementor-widget-text-editor .elementor-drop-cap-letter{display:inline-block}<\/style>\t\t\t\t<p><strong>DR-BUD<\/strong><\/p><p><strong>specjali\u015bci z licencj\u0105 do wyko\u0144cze\u0144.<\/strong><br \/><strong>43-190 Miko\u0142\u00f3w ul. Ko\u015bciuszki 66<\/strong><br \/><strong>Pracujemy:<\/strong><br \/><strong>Poniedzia\u0142ek &#8211; Pi\u0105tek: 8:00 &#8211; 17:00<\/strong><\/p><p><strong>tel. 668-767-433 ,\u00a0 513-311-031<\/strong><\/p><p><strong>e-mail: dawid.bijok@interia.pl<\/strong><\/p>\t\t\t\t\t\t<\/div>\n\t\t\t\t<\/div>\n\t\t\t\t<div class=\"elementor-element elementor-element-464b62ec elementor-align-center elementor-mobile-align-justify elementor-invisible elementor-widget elementor-widget-button\" data-id=\"464b62ec\" data-element_type=\"widget\" data-settings=\"{&quot;_animation&quot;:&quot;fadeIn&quot;,&quot;_animation_delay&quot;:300}\" data-widget_type=\"button.default\">\n\t\t\t\t<div class=\"elementor-widget-container\">\n\t\t\t\t\t<div class=\"elementor-button-wrapper\">\n\t\t\t<a href=\"https:\/\/dr-bud.pl\/index.php\/kontakt\/\" class=\"elementor-button-link elementor-button elementor-size-sm elementor-animation-grow\" role=\"button\">\n\t\t\t\t\t\t<span class=\"elementor-button-content-wrapper\">\n\t\t\t\t\t\t<span class=\"elementor-button-text\">Kontakt<\/span>\n\t\t<\/span>\n\t\t\t\t\t<\/a>\n\t\t<\/div>\n\t\t\t\t<\/div>\n\t\t\t\t<\/div>\n\t\t\t\t\t<\/div>\n\t\t<\/div>\n\t\t\t\t\t\t\t<\/div>\n\t\t<\/section>\n\t\t\t\t\t\t\t<\/div>\n\t\t","protected":false},"excerpt":{"rendered":"<p>Nasze prace Poni\u017cej prezentujemy kilka kadr\u00f3w z naszych ostatnich zlece\u0144. DR-BUD specjali\u015bci z licencj\u0105 do wyko\u0144cze\u0144.43-190 Miko\u0142\u00f3w ul. Ko\u015bciuszki 66Pracujemy:Poniedzia\u0142ek &#8211; Pi\u0105tek: 8:00 &#8211; 17:00 tel. 668-767-433 ,\u00a0 513-311-031 e-mail: dawid.bijok@interia.pl Kontakt<\/p>\n","protected":false},"author":1,"featured_media":0,"parent":0,"menu_order":0,"comment_status":"closed","ping_status":"closed","template":"","meta":{"om_disable_all_campaigns":false,"_monsterinsights_skip_tracking":false,"_monsterinsights_sitenote_active":false,"_monsterinsights_sitenote_note":"","_monsterinsights_sitenote_category":0},"aioseo_notices":[],"_links":{"self":[{"href":"https:\/\/dr-bud.pl\/index.php\/wp-json\/wp\/v2\/pages\/164"}],"collection":[{"href":"https:\/\/dr-bud.pl\/index.php\/wp-json\/wp\/v2\/pages"}],"about":[{"href":"https:\/\/dr-bud.pl\/index.php\/wp-json\/wp\/v2\/types\/page"}],"author":[{"embeddable":true,"href":"https:\/\/dr-bud.pl\/index.php\/wp-json\/wp\/v2\/users\/1"}],"replies":[{"embeddable":true,"href":"https:\/\/dr-bud.pl\/index.php\/wp-json\/wp\/v2\/comments?post=164"}],"version-history":[{"count":13,"href":"https:\/\/dr-bud.pl\/index.php\/wp-json\/wp\/v2\/pages\/164\/revisions"}],"predecessor-version":[{"id":341,"href":"https:\/\/dr-bud.pl\/index.php\/wp-json\/wp\/v2\/pages\/164\/revisions\/341"}],"wp:attachment":[{"href":"https:\/\/dr-bud.pl\/index.php\/wp-json\/wp\/v2\/media?parent=164"}],"curies":[{"name":"wp","href":"https:\/\/api.w.org\/{rel}","templated":true}]}}